{"id":387,"date":"2021-06-28T15:54:09","date_gmt":"2021-06-28T18:54:09","guid":{"rendered":"https:\/\/nasmello.com.br\/?page_id=387"},"modified":"2021-06-28T17:40:27","modified_gmt":"2021-06-28T20:40:27","slug":"pmoc","status":"publish","type":"page","link":"https:\/\/nasmello.com.br\/index.php\/pmoc\/","title":{"rendered":"PMOC"},"content":{"rendered":"\t\t<div data-elementor-type=\"wp-page\" data-elementor-id=\"387\" class=\"elementor elementor-387\">\n\t\t\t\t\t\t\t\t\t<section class=\"elementor-section elementor-top-section elementor-element elementor-element-30f9bf19 elementor-section-content-middle elementor-section-stretched elementor-section-boxed elementor-section-height-default elementor-section-height-default\" data-id=\"30f9bf19\" data-element_type=\"section\" data-settings=\"{&quot;stretch_section&quot;:&quot;section-stretched&quot;}\">\n\t\t\t\t\t\t<div class=\"elementor-container elementor-column-gap-no\">\n\t\t\t\t\t<div class=\"elementor-column elementor-col-100 elementor-top-column elementor-element elementor-element-5cb4a0de\" data-id=\"5cb4a0de\" data-element_type=\"column\">\n\t\t\t<div class=\"elementor-widget-wrap elementor-element-populated\">\n\t\t\t\t\t\t\t\t<div class=\"elementor-element elementor-element-180e453c elementor-invisible elementor-widget elementor-widget-heading\" data-id=\"180e453c\" data-element_type=\"widget\" data-settings=\"{&quot;_animation&quot;:&quot;fadeIn&quot;}\" data-widget_type=\"heading.default\">\n\t\t\t\t<div class=\"elementor-widget-container\">\n\t\t\t<h4 class=\"elementor-heading-title elementor-size-default\">Conhe\u00e7a a PMOC<\/h4>\t\t<\/div>\n\t\t\t\t<\/div>\n\t\t\t\t<div class=\"elementor-element elementor-element-1cfc25cb elementor-invisible elementor-widget elementor-widget-text-editor\" data-id=\"1cfc25cb\" data-element_type=\"widget\" data-settings=\"{&quot;_animation&quot;:&quot;fadeInDown&quot;}\" data-widget_type=\"text-editor.default\">\n\t\t\t\t<div class=\"elementor-widget-container\">\n\t\t\t\t\t\t\t<p>A Portaria 3523 da ANVISA tem normas r\u00edgidas e determina que todo estabelecimento que tenha uma carga t\u00e9rmica igual ou maior que 60.000 Btus ou 5TR, seja obrigado a manter o PMOC (Plano de Manuten\u00e7\u00e3o Opera\u00e7\u00e3o e Controle).<\/p>\t\t\t\t\t\t<\/div>\n\t\t\t\t<\/div>\n\t\t\t\t\t<\/div>\n\t\t<\/div>\n\t\t\t\t\t\t\t<\/div>\n\t\t<\/section>\n\t\t\t\t<section class=\"elementor-section elementor-top-section elementor-element elementor-element-6a05265 elementor-section-height-min-height elementor-section-boxed elementor-section-height-default elementor-section-items-middle\" data-id=\"6a05265\" data-element_type=\"section\">\n\t\t\t\t\t\t<div class=\"elementor-container elementor-column-gap-default\">\n\t\t\t\t\t<div class=\"elementor-column elementor-col-100 elementor-top-column elementor-element elementor-element-0b73504\" data-id=\"0b73504\" data-element_type=\"column\">\n\t\t\t<div class=\"elementor-widget-wrap elementor-element-populated\">\n\t\t\t\t\t\t\t\t<div class=\"elementor-element elementor-element-14ff4ae elementor-invisible elementor-widget elementor-widget-image\" data-id=\"14ff4ae\" data-element_type=\"widget\" data-settings=\"{&quot;_animation&quot;:&quot;fadeInRight&quot;}\" data-widget_type=\"image.default\">\n\t\t\t\t<div class=\"elementor-widget-container\">\n\t\t\t\t\t\t\t\t\t\t\t\t\t\t\t<img loading=\"lazy\" decoding=\"async\" width=\"604\" height=\"311\" src=\"https:\/\/nasmello.com.br\/wp-content\/uploads\/2021\/06\/B443F2A277314E2ADC0003F22C3229D64B9A_manutar.jpg\" class=\"attachment-large size-large wp-image-400\" alt=\"\" srcset=\"https:\/\/nasmello.com.br\/wp-content\/uploads\/2021\/06\/B443F2A277314E2ADC0003F22C3229D64B9A_manutar.jpg 680w, https:\/\/nasmello.com.br\/wp-content\/uploads\/2021\/06\/B443F2A277314E2ADC0003F22C3229D64B9A_manutar-300x154.jpg 300w\" sizes=\"(max-width: 604px) 100vw, 604px\" \/>\t\t\t\t\t\t\t\t\t\t\t\t\t\t\t<\/div>\n\t\t\t\t<\/div>\n\t\t\t\t\t<\/div>\n\t\t<\/div>\n\t\t\t\t\t\t\t<\/div>\n\t\t<\/section>\n\t\t\t\t<section class=\"elementor-section elementor-top-section elementor-element elementor-element-211b5ef elementor-section-boxed elementor-section-height-default elementor-section-height-default\" data-id=\"211b5ef\" data-element_type=\"section\">\n\t\t\t\t\t\t<div class=\"elementor-container elementor-column-gap-default\">\n\t\t\t\t\t<div class=\"elementor-column elementor-col-100 elementor-top-column elementor-element elementor-element-b6c1bda\" data-id=\"b6c1bda\" data-element_type=\"column\">\n\t\t\t<div class=\"elementor-widget-wrap\">\n\t\t\t\t\t\t\t\t\t<\/div>\n\t\t<\/div>\n\t\t\t\t\t\t\t<\/div>\n\t\t<\/section>\n\t\t\t\t<section class=\"elementor-section elementor-top-section elementor-element elementor-element-b64bc24 elementor-section-boxed elementor-section-height-default elementor-section-height-default\" data-id=\"b64bc24\" data-element_type=\"section\">\n\t\t\t\t\t\t<div class=\"elementor-container elementor-column-gap-default\">\n\t\t\t\t\t<div class=\"elementor-column elementor-col-100 elementor-top-column elementor-element elementor-element-fb5053f\" data-id=\"fb5053f\" data-element_type=\"column\">\n\t\t\t<div class=\"elementor-widget-wrap elementor-element-populated\">\n\t\t\t\t\t\t\t\t<div class=\"elementor-element elementor-element-568a7a3 elementor-invisible elementor-widget elementor-widget-text-editor\" data-id=\"568a7a3\" data-element_type=\"widget\" data-settings=\"{&quot;_animation&quot;:&quot;fadeInUp&quot;}\" data-widget_type=\"text-editor.default\">\n\t\t\t\t<div class=\"elementor-widget-container\">\n\t\t\t\t\t\t\t<p>O QUE \u00c9 PMOC?<br \/><br \/>\u00c9 um Plano de Manuten\u00e7\u00e3o Opera\u00e7\u00e3o e Controle exigido pela Portaria 3523 do Minist\u00e9rio da Sa\u00fade. Nele \u00e9 determinado quando, por quem e quando as manuten\u00e7\u00f5es dever\u00e3o ser realizadas.<br \/><br \/>EXISTE ALGUMA PENALIDADE?<br \/><br \/>Se o seu estabelecimento for autuado pelo Minist\u00e9rio da Sa\u00fade e estiver irregular, voc\u00ea corre o risco de pagar de R$2.000,00 at\u00e9 R$200.000,00 em multa.<br \/><br \/>QUAIS AS VANTAGENS?<br \/><br \/>\u00c9 no ver\u00e3o, quando as temperaturas aumentam que o ar-condicionado \u00e9 mais exigido. Com o PMOC, voc\u00ea passa a ter uma melhor gest\u00e3o da manuten\u00e7\u00e3o de todo sistema, melhorando sua efici\u00eancia, evitando gastos desnecess\u00e1rios com manuten\u00e7\u00f5es avulsas, aumentando o tempo de vida \u00fatil dos equipamentos, reduzindo seus custos com energia el\u00e9trica e o mais importante, melhorando a qualidade do ar nos ambientes climatizados.<br \/><br \/>QUEM EST\u00c1 OBRIGADO?<br \/><br \/>Todo estabelecimento p\u00fablico ou privado com carga t\u00e9rmica igual ou superior a 60.000\/Btus em sistema de ar condicionado, independente de ser Split, de Janela ou Central.<br \/><br \/>QUANTO TEMPO LEVA PARA IMPLEMENTA\u00c7\u00c3O?<br \/><br \/>Isso ir\u00e1 depender do n\u00famero de equipamentos que existe no local, acesso, condi\u00e7\u00e3o atual de uso, planejamento, etc. Mas a partir do momento em que voc\u00ea contratar uma empresa, se for autuado pela ANVISA, basta solicitar um documento da empresa informando que j\u00e1 est\u00e1 em andamento.<\/p>\t\t\t\t\t\t<\/div>\n\t\t\t\t<\/div>\n\t\t\t\t\t<\/div>\n\t\t<\/div>\n\t\t\t\t\t\t\t<\/div>\n\t\t<\/section>\n\t\t\t\t\t\t\t<\/div>\n\t\t","protected":false},"excerpt":{"rendered":"<p>Conhe\u00e7a a PMOC A Portaria 3523 da ANVISA tem normas r\u00edgidas e determina que todo estabelecimento que tenha uma carga t\u00e9rmica igual ou maior que 60.000 Btus ou 5TR, seja obrigado a<\/p>\n<a class=\"moretag noptoppad\" href=\"https:\/\/nasmello.com.br\/index.php\/pmoc\/\">Read More...<\/a>","protected":false},"author":1,"featured_media":0,"parent":0,"menu_order":0,"comment_status":"closed","ping_status":"closed","template":"page-sidebar.php","meta":{"footnotes":""},"class_list":["post-387","page","type-page","status-publish","hentry"],"_links":{"self":[{"href":"https:\/\/nasmello.com.br\/index.php\/wp-json\/wp\/v2\/pages\/387"}],"collection":[{"href":"https:\/\/nasmello.com.br\/index.php\/wp-json\/wp\/v2\/pages"}],"about":[{"href":"https:\/\/nasmello.com.br\/index.php\/wp-json\/wp\/v2\/types\/page"}],"author":[{"embeddable":true,"href":"https:\/\/nasmello.com.br\/index.php\/wp-json\/wp\/v2\/users\/1"}],"replies":[{"embeddable":true,"href":"https:\/\/nasmello.com.br\/index.php\/wp-json\/wp\/v2\/comments?post=387"}],"version-history":[{"count":15,"href":"https:\/\/nasmello.com.br\/index.php\/wp-json\/wp\/v2\/pages\/387\/revisions"}],"predecessor-version":[{"id":476,"href":"https:\/\/nasmello.com.br\/index.php\/wp-json\/wp\/v2\/pages\/387\/revisions\/476"}],"wp:attachment":[{"href":"https:\/\/nasmello.com.br\/index.php\/wp-json\/wp\/v2\/media?parent=387"}],"curies":[{"name":"wp","href":"https:\/\/api.w.org\/{rel}","templated":true}]}}