{"id":68,"date":"2021-05-26T10:32:56","date_gmt":"2021-05-26T13:32:56","guid":{"rendered":"http:\/\/newdiag.tk\/?page_id=68"},"modified":"2021-06-30T16:15:41","modified_gmt":"2021-06-30T19:15:41","slug":"quem-somos","status":"publish","type":"page","link":"https:\/\/nasmello.com.br\/index.php\/quem-somos\/","title":{"rendered":"Quem Somos"},"content":{"rendered":"\t\t<div data-elementor-type=\"wp-page\" data-elementor-id=\"68\" class=\"elementor elementor-68\">\n\t\t\t\t\t\t\t\t\t<section class=\"elementor-section elementor-top-section elementor-element elementor-element-65e88e7a elementor-section-content-middle elementor-section-height-min-height elementor-section-boxed elementor-section-height-default elementor-section-items-middle\" data-id=\"65e88e7a\" data-element_type=\"section\">\n\t\t\t\t\t\t<div class=\"elementor-container elementor-column-gap-no\">\n\t\t\t\t\t<div class=\"elementor-column elementor-col-50 elementor-top-column elementor-element elementor-element-6fa6ad22\" data-id=\"6fa6ad22\" data-element_type=\"column\">\n\t\t\t<div class=\"elementor-widget-wrap elementor-element-populated\">\n\t\t\t\t\t\t\t\t<div class=\"elementor-element elementor-element-49b0f85c elementor-invisible elementor-widget elementor-widget-heading\" data-id=\"49b0f85c\" data-element_type=\"widget\" data-settings=\"{&quot;_animation&quot;:&quot;fadeInDown&quot;}\" data-widget_type=\"heading.default\">\n\t\t\t\t<div class=\"elementor-widget-container\">\n\t\t\t<h4 class=\"elementor-heading-title elementor-size-default\">Miss\u00e3o<\/h4>\t\t<\/div>\n\t\t\t\t<\/div>\n\t\t\t\t<div class=\"elementor-element elementor-element-7147160e elementor-invisible elementor-widget elementor-widget-text-editor\" data-id=\"7147160e\" data-element_type=\"widget\" data-settings=\"{&quot;_animation&quot;:&quot;fadeInLeft&quot;}\" data-widget_type=\"text-editor.default\">\n\t\t\t\t<div class=\"elementor-widget-container\">\n\t\t\t\t\t\t\t<p>Agregar conhecimento e gerar resultados visando melhoria continua na qualidade dos servi\u00e7os e no relacionamento com o mercado para atender as expectativas dos clientes, colaboradores e fornecedores.<\/p>\t\t\t\t\t\t<\/div>\n\t\t\t\t<\/div>\n\t\t\t\t\t<\/div>\n\t\t<\/div>\n\t\t\t\t<div class=\"elementor-column elementor-col-50 elementor-top-column elementor-element elementor-element-292b1035\" data-id=\"292b1035\" data-element_type=\"column\">\n\t\t\t<div class=\"elementor-widget-wrap elementor-element-populated\">\n\t\t\t\t\t\t\t\t<div class=\"elementor-element elementor-element-1d2346f elementor-invisible elementor-widget elementor-widget-image\" data-id=\"1d2346f\" data-element_type=\"widget\" data-settings=\"{&quot;_animation&quot;:&quot;fadeInRight&quot;}\" data-widget_type=\"image.default\">\n\t\t\t\t<div class=\"elementor-widget-container\">\n\t\t\t\t\t\t\t\t\t\t\t\t\t\t\t<img loading=\"lazy\" decoding=\"async\" width=\"604\" height=\"403\" src=\"https:\/\/nasmello.com.br\/wp-content\/uploads\/2021\/05\/technologist-white-uniform-checking-quality-industrial-production-factory-1-1024x684.jpg\" class=\"attachment-large size-large wp-image-90\" alt=\"\" srcset=\"https:\/\/nasmello.com.br\/wp-content\/uploads\/2021\/05\/technologist-white-uniform-checking-quality-industrial-production-factory-1-1024x684.jpg 1024w, https:\/\/nasmello.com.br\/wp-content\/uploads\/2021\/05\/technologist-white-uniform-checking-quality-industrial-production-factory-1-300x200.jpg 300w, https:\/\/nasmello.com.br\/wp-content\/uploads\/2021\/05\/technologist-white-uniform-checking-quality-industrial-production-factory-1-768x513.jpg 768w, https:\/\/nasmello.com.br\/wp-content\/uploads\/2021\/05\/technologist-white-uniform-checking-quality-industrial-production-factory-1.jpg 1472w\" sizes=\"(max-width: 604px) 100vw, 604px\" \/>\t\t\t\t\t\t\t\t\t\t\t\t\t\t\t<\/div>\n\t\t\t\t<\/div>\n\t\t\t\t\t<\/div>\n\t\t<\/div>\n\t\t\t\t\t\t\t<\/div>\n\t\t<\/section>\n\t\t\t\t<section class=\"elementor-section elementor-top-section elementor-element elementor-element-326905d elementor-section-content-middle elementor-section-height-min-height elementor-section-boxed elementor-section-height-default elementor-section-items-middle\" data-id=\"326905d\" data-element_type=\"section\">\n\t\t\t\t\t\t<div class=\"elementor-container elementor-column-gap-no\">\n\t\t\t\t\t<div class=\"elementor-column elementor-col-50 elementor-top-column elementor-element elementor-element-5c060b2\" data-id=\"5c060b2\" data-element_type=\"column\">\n\t\t\t<div class=\"elementor-widget-wrap elementor-element-populated\">\n\t\t\t\t\t\t\t\t<div class=\"elementor-element elementor-element-d368b75 elementor-invisible elementor-widget elementor-widget-image\" data-id=\"d368b75\" data-element_type=\"widget\" data-settings=\"{&quot;_animation&quot;:&quot;fadeInLeft&quot;}\" data-widget_type=\"image.default\">\n\t\t\t\t<div class=\"elementor-widget-container\">\n\t\t\t\t\t\t\t\t\t\t\t\t\t\t\t<img loading=\"lazy\" decoding=\"async\" width=\"604\" height=\"403\" src=\"https:\/\/nasmello.com.br\/wp-content\/uploads\/2021\/05\/iStock-1180726339-1-1024x683-1.jpg\" class=\"attachment-large size-large wp-image-159\" alt=\"\" srcset=\"https:\/\/nasmello.com.br\/wp-content\/uploads\/2021\/05\/iStock-1180726339-1-1024x683-1.jpg 1024w, https:\/\/nasmello.com.br\/wp-content\/uploads\/2021\/05\/iStock-1180726339-1-1024x683-1-300x200.jpg 300w, https:\/\/nasmello.com.br\/wp-content\/uploads\/2021\/05\/iStock-1180726339-1-1024x683-1-768x512.jpg 768w\" sizes=\"(max-width: 604px) 100vw, 604px\" \/>\t\t\t\t\t\t\t\t\t\t\t\t\t\t\t<\/div>\n\t\t\t\t<\/div>\n\t\t\t\t\t<\/div>\n\t\t<\/div>\n\t\t\t\t<div class=\"elementor-column elementor-col-50 elementor-top-column elementor-element elementor-element-814a999\" data-id=\"814a999\" data-element_type=\"column\">\n\t\t\t<div class=\"elementor-widget-wrap elementor-element-populated\">\n\t\t\t\t\t\t\t\t<div class=\"elementor-element elementor-element-eee03ab elementor-invisible elementor-widget elementor-widget-heading\" data-id=\"eee03ab\" data-element_type=\"widget\" data-settings=\"{&quot;_animation&quot;:&quot;fadeInDown&quot;}\" data-widget_type=\"heading.default\">\n\t\t\t\t<div class=\"elementor-widget-container\">\n\t\t\t<h4 class=\"elementor-heading-title elementor-size-default\">Vis\u00e3o<\/h4>\t\t<\/div>\n\t\t\t\t<\/div>\n\t\t\t\t<div class=\"elementor-element elementor-element-21c0929 elementor-invisible elementor-widget elementor-widget-text-editor\" data-id=\"21c0929\" data-element_type=\"widget\" data-settings=\"{&quot;_animation&quot;:&quot;fadeInRight&quot;}\" data-widget_type=\"text-editor.default\">\n\t\t\t\t<div class=\"elementor-widget-container\">\n\t\t\t\t\t\t\t<p><span style=\"color: #2c363a; font-family: verdana, geneva, sans-serif; font-size: 13.3333px;\">Servir e contribuir, tornando se refer\u00eancia se nos neg\u00f3cios que atua.\u00a0<\/span><\/p>\t\t\t\t\t\t<\/div>\n\t\t\t\t<\/div>\n\t\t\t\t\t<\/div>\n\t\t<\/div>\n\t\t\t\t\t\t\t<\/div>\n\t\t<\/section>\n\t\t\t\t<section class=\"elementor-section elementor-top-section elementor-element elementor-element-b3cbac9 elementor-section-content-middle elementor-section-height-min-height elementor-section-boxed elementor-section-height-default elementor-section-items-middle\" data-id=\"b3cbac9\" data-element_type=\"section\">\n\t\t\t\t\t\t<div class=\"elementor-container elementor-column-gap-no\">\n\t\t\t\t\t<div class=\"elementor-column elementor-col-50 elementor-top-column elementor-element elementor-element-60c0d0a\" data-id=\"60c0d0a\" data-element_type=\"column\">\n\t\t\t<div class=\"elementor-widget-wrap elementor-element-populated\">\n\t\t\t\t\t\t\t\t<div class=\"elementor-element elementor-element-9a11be9 elementor-invisible elementor-widget elementor-widget-heading\" data-id=\"9a11be9\" data-element_type=\"widget\" data-settings=\"{&quot;_animation&quot;:&quot;fadeInDown&quot;}\" data-widget_type=\"heading.default\">\n\t\t\t\t<div class=\"elementor-widget-container\">\n\t\t\t<h4 class=\"elementor-heading-title elementor-size-default\">Valores<\/h4>\t\t<\/div>\n\t\t\t\t<\/div>\n\t\t\t\t<div class=\"elementor-element elementor-element-d7d3685 elementor-invisible elementor-widget elementor-widget-text-editor\" data-id=\"d7d3685\" data-element_type=\"widget\" data-settings=\"{&quot;_animation&quot;:&quot;fadeInLeft&quot;}\" data-widget_type=\"text-editor.default\">\n\t\t\t\t<div class=\"elementor-widget-container\">\n\t\t\t\t\t\t\t<p><span style=\"color: #2c363a; font-family: verdana, geneva, sans-serif; font-size: 13.3333px;\">Excel\u00eancia com simplicidade, reconhecimento de seus colaboradores, clientes e parceiros, \u00e9tica, respeito e sustentabilidade econ\u00f4mica, social e ambiental.<\/span><\/p>\t\t\t\t\t\t<\/div>\n\t\t\t\t<\/div>\n\t\t\t\t\t<\/div>\n\t\t<\/div>\n\t\t\t\t<div class=\"elementor-column elementor-col-50 elementor-top-column elementor-element elementor-element-5ef60a2\" data-id=\"5ef60a2\" data-element_type=\"column\">\n\t\t\t<div class=\"elementor-widget-wrap elementor-element-populated\">\n\t\t\t\t\t\t\t\t<div class=\"elementor-element elementor-element-f48f18f elementor-invisible elementor-widget elementor-widget-image\" data-id=\"f48f18f\" data-element_type=\"widget\" data-settings=\"{&quot;_animation&quot;:&quot;fadeInRight&quot;}\" data-widget_type=\"image.default\">\n\t\t\t\t<div class=\"elementor-widget-container\">\n\t\t\t\t\t\t\t\t\t\t\t\t\t\t\t<img loading=\"lazy\" decoding=\"async\" width=\"604\" height=\"403\" src=\"https:\/\/nasmello.com.br\/wp-content\/uploads\/2021\/05\/1227220-trabalhador-da-construcao-civil-vestindo-ppe-gratis-foto-1024x683.jpg\" class=\"attachment-large size-large wp-image-160\" alt=\"\" srcset=\"https:\/\/nasmello.com.br\/wp-content\/uploads\/2021\/05\/1227220-trabalhador-da-construcao-civil-vestindo-ppe-gratis-foto-1024x683.jpg 1024w, https:\/\/nasmello.com.br\/wp-content\/uploads\/2021\/05\/1227220-trabalhador-da-construcao-civil-vestindo-ppe-gratis-foto-300x200.jpg 300w, https:\/\/nasmello.com.br\/wp-content\/uploads\/2021\/05\/1227220-trabalhador-da-construcao-civil-vestindo-ppe-gratis-foto-768x512.jpg 768w, https:\/\/nasmello.com.br\/wp-content\/uploads\/2021\/05\/1227220-trabalhador-da-construcao-civil-vestindo-ppe-gratis-foto.jpg 1470w\" sizes=\"(max-width: 604px) 100vw, 604px\" \/>\t\t\t\t\t\t\t\t\t\t\t\t\t\t\t<\/div>\n\t\t\t\t<\/div>\n\t\t\t\t\t<\/div>\n\t\t<\/div>\n\t\t\t\t\t\t\t<\/div>\n\t\t<\/section>\n\t\t\t\t\t\t\t<\/div>\n\t\t","protected":false},"excerpt":{"rendered":"<p>Miss\u00e3o Agregar conhecimento e gerar resultados visando melhoria continua na qualidade dos servi\u00e7os e no relacionamento com o mercado para atender as expectativas dos clientes, colaboradores e fornecedores. Vis\u00e3o Servir e contribuir,<\/p>\n<a class=\"moretag noptoppad\" href=\"https:\/\/nasmello.com.br\/index.php\/quem-somos\/\">Read More...<\/a>","protected":false},"author":1,"featured_media":0,"parent":0,"menu_order":0,"comment_status":"closed","ping_status":"closed","template":"page-sidebar.php","meta":{"footnotes":""},"class_list":["post-68","page","type-page","status-publish","hentry"],"_links":{"self":[{"href":"https:\/\/nasmello.com.br\/index.php\/wp-json\/wp\/v2\/pages\/68"}],"collection":[{"href":"https:\/\/nasmello.com.br\/index.php\/wp-json\/wp\/v2\/pages"}],"about":[{"href":"https:\/\/nasmello.com.br\/index.php\/wp-json\/wp\/v2\/types\/page"}],"author":[{"embeddable":true,"href":"https:\/\/nasmello.com.br\/index.php\/wp-json\/wp\/v2\/users\/1"}],"replies":[{"embeddable":true,"href":"https:\/\/nasmello.com.br\/index.php\/wp-json\/wp\/v2\/comments?post=68"}],"version-history":[{"count":17,"href":"https:\/\/nasmello.com.br\/index.php\/wp-json\/wp\/v2\/pages\/68\/revisions"}],"predecessor-version":[{"id":503,"href":"https:\/\/nasmello.com.br\/index.php\/wp-json\/wp\/v2\/pages\/68\/revisions\/503"}],"wp:attachment":[{"href":"https:\/\/nasmello.com.br\/index.php\/wp-json\/wp\/v2\/media?parent=68"}],"curies":[{"name":"wp","href":"https:\/\/api.w.org\/{rel}","templated":true}]}}